{"id":4582,"date":"2021-05-10T14:17:49","date_gmt":"2021-05-10T14:17:49","guid":{"rendered":"http:\/\/w-gruppe.revdev1.co.uk\/?page_id=4582"},"modified":"2021-09-01T16:54:29","modified_gmt":"2021-09-01T16:54:29","slug":"recruitment","status":"publish","type":"page","link":"https:\/\/w-gruppe.com\/en\/recruitment\/","title":{"rendered":"Recruitment"},"content":{"rendered":"<p>[vc_row full_width=&#8221;stretch_row&#8221; full_height=&#8221;yes&#8221; awb_type=&#8221;yt_vm_video&#8221; awb_stretch=&#8221;1&#8243; awb_video=&#8221;https:\/\/vimeo.com\/547521286?background=1&amp;muted=1&#8243; awb_video_mobile=&#8221;1&#8243; awb_video_always_play=&#8221;1&#8243; bg_type=&#8221;image&#8221; parallax_style=&#8221;vcpb-vz-jquery&#8221; bg_image_repeat=&#8221;no-repeat&#8221; bg_image_size=&#8221;initial&#8221; parallax_sense=&#8221;2&#8243; parallax_content=&#8221;parallax_content_value&#8221; fadeout_row=&#8221;fadeout_row_value&#8221; fadeout_start_effect=&#8221;70&#8243; css=&#8221;.vc_custom_1620657878859{padding-right: 15px !important;padding-left: 15px !important;}&#8221; el_class=&#8221;vimeo&#8221;][vc_column el_class=&#8221;slanted-div inner-banner-text&#8221;]<div class=\"ult-spacer spacer-69eb423e7b48f\" data-id=\"69eb423e7b48f\" data-height=\"5\" data-height-mobile=\"30\" data-height-tab=\"\" data-height-tab-portrait=\"30\" data-height-mobile-landscape=\"20\" style=\"clear:both;display:block;\"><\/div><div id=\"ultimate-heading-316469eb423e7b4c3\" class=\"uvc-heading ult-adjust-bottom-margin ultimate-heading-316469eb423e7b4c3 uvc-5811 \" data-hspacer=\"no_spacer\"  data-halign=\"center\" style=\"text-align:center\"><div class=\"uvc-heading-spacer no_spacer\" style=\"top\"><\/div><div class=\"uvc-main-heading ult-responsive\"  data-ultimate-target='.uvc-heading.ultimate-heading-316469eb423e7b4c3 h2'  data-responsive-json-new='{\"font-size\":\"\",\"line-height\":\"\"}' ><h2 style=\"font-weight:normal;color:#ec7c32;margin-bottom:15px;\">Welcome to Symbionix Recruiting<\/h2><\/div><\/div><div class=\"ult-spacer spacer-69eb423e7b4ec\" data-id=\"69eb423e7b4ec\" data-height=\"20\" data-height-mobile=\"10\" data-height-tab=\"\" data-height-tab-portrait=\"\" data-height-mobile-landscape=\"10\" style=\"clear:both;display:block;\"><\/div><div class=\" vc_custom_1628139445634 ubtn-ctn-center btn-quote\"><a class=\"ubtn-link ult-adjust-bottom-margin ubtn-center ubtn-custom btn-quote\" href=\"mailto:info@wirz-partners.ch?subject=Executive Search Request&body=Please contact us, we would like to discuss an executive search request with you. We recruit for the following position:\" title=\"More info\" ><button type=\"button\" id=\"ubtn-7430\"  class=\"ubtn ult-adjust-bottom-margin ult-responsive ubtn-custom ubtn-no-hover-bg  none  ubtn-center   tooltip-69eb423e7b508\"  data-hover=\"\" data-border-color=\"\" data-bg=\"#ec7c32\" data-hover-bg=\"\" data-border-hover=\"\" data-shadow-hover=\"\" data-shadow-click=\"none\" data-shadow=\"\" data-shd-shadow=\"\"  data-ultimate-target='#ubtn-7430'  data-responsive-json-new='{\"font-size\":\"desktop:14px;\",\"line-height\":\"\"}'  style=\"font-family:&#039;Rubik&#039;;font-weight:500;width:145px;min-height:40px;padding:px px;border-radius:3px;border-width:0px;border-color:;border-style:solid;background: #ec7c32;color: #ffffff;\"><span class=\"ubtn-hover\" style=\"background-color:\"><\/span><span class=\"ubtn-data ubtn-text \" > Quote Request<\/span><\/button><\/a><\/div>[vc_single_image image=&#8221;4846&#8243; img_size=&#8221;large&#8221; alignment=&#8221;center&#8221;][\/vc_column][vc_column][\/vc_column][\/vc_row][vc_row el_id=&#8221;features&#8221;][vc_column]<div class=\"ult-spacer spacer-69eb423e7b59d\" data-id=\"69eb423e7b59d\" data-height=\"20\" data-height-mobile=\"20\" data-height-tab=\"20\" data-height-tab-portrait=\"\" data-height-mobile-landscape=\"\" style=\"clear:both;display:block;\"><\/div><div id=\"ultimate-heading-191569eb423e7b5b9\" class=\"uvc-heading ult-adjust-bottom-margin ultimate-heading-191569eb423e7b5b9 uvc-3099 \" data-hspacer=\"no_spacer\"  data-halign=\"center\" style=\"text-align:center\"><div class=\"uvc-heading-spacer no_spacer\" style=\"top\"><\/div><div class=\"uvc-main-heading ult-responsive\"  data-ultimate-target='.uvc-heading.ultimate-heading-191569eb423e7b5b9 h1'  data-responsive-json-new='{\"font-size\":\"\",\"line-height\":\"\"}' ><h1 style=\"font-weight:normal;color:#ec7c32;\">Recruitment<\/h1><\/div><\/div><div class=\"ult-spacer spacer-69eb423e7b5d2\" data-id=\"69eb423e7b5d2\" data-height=\"20\" data-height-mobile=\"20\" data-height-tab=\"20\" data-height-tab-portrait=\"\" data-height-mobile-landscape=\"\" style=\"clear:both;display:block;\"><\/div>[vc_row_inner][vc_column_inner][vc_column_text css_animation=&#8221;none&#8221; css=&#8221;.vc_custom_1630515266129{margin-bottom: 0px !important;}&#8221;]Symbionix Recruiting positions itself as the innovation leader in the market of Swiss recruiters for professionals looking for a new job (average annual salary over CHF 100&#8217;000).<\/p>\n<p>Symbionix Recruiting is a recruitment company for qualified professionals in the technology and life sciences industries.<br \/>\nWe combine the industry knowledge of our experts with a &#8220;state of the art&#8221; digitalization in the selection and match process. This minimizes the effort for the candidate in the application process.<\/p>\n<p>Candidates benefit from our customer and market knowledge, which manifests itself in long-term optimal career development.<\/p>\n<p>Symbionix Recruiting focuses on the candidate and his job search.[\/vc_column_text][\/vc_column_inner][\/vc_row_inner][\/vc_column][\/vc_row][vc_row bg_type=&#8221;bg_color&#8221; bg_color_value=&#8221;#f9f9f9&#8243;][vc_column]<div class=\"ult-spacer spacer-69eb423e7b5e1\" data-id=\"69eb423e7b5e1\" data-height=\"30\" data-height-mobile=\"30\" data-height-tab=\"30\" data-height-tab-portrait=\"\" data-height-mobile-landscape=\"\" style=\"clear:both;display:block;\"><\/div><div id=\"ultimate-heading-93769eb423e7b5f2\" class=\"uvc-heading ult-adjust-bottom-margin ultimate-heading-93769eb423e7b5f2 uvc-2646 \" data-hspacer=\"no_spacer\"  data-halign=\"center\" style=\"text-align:center\"><div class=\"uvc-heading-spacer no_spacer\" style=\"top\"><\/div><div class=\"uvc-main-heading ult-responsive\"  data-ultimate-target='.uvc-heading.ultimate-heading-93769eb423e7b5f2 h2'  data-responsive-json-new='{\"font-size\":\"\",\"line-height\":\"\"}' ><h2 style=\"font-weight:normal;\">News<\/h2><\/div><\/div><div class=\"ult-spacer spacer-69eb423e7b606\" data-id=\"69eb423e7b606\" data-height=\"30\" data-height-mobile=\"30\" data-height-tab=\"30\" data-height-tab-portrait=\"\" data-height-mobile-landscape=\"\" style=\"clear:both;display:block;\"><\/div>[vc_row_inner][vc_column_inner][vc_basic_grid post_type=&#8221;post&#8221; max_items=&#8221;2&#8243; element_width=&#8221;6&#8243; gap=&#8221;35&#8243; grid_id=&#8221;vc_gid:1630515054516-c93760d6-292a-7&#8243;][\/vc_column_inner][\/vc_row_inner][\/vc_column][\/vc_row][vc_row][vc_column][vc_column_text]<\/p>\n<p>[\/vc_column_text][\/vc_column][\/vc_row][vc_row][vc_column][vc_separator color=&#8221;custom&#8221; accent_color=&#8221;#ec7c32&#8243;][\/vc_column][\/vc_row][vc_row][vc_column width=&#8221;1\/6&#8243;][vc_wp_custommenu nav_menu=&#8221;66&#8243;][\/vc_column][vc_column width=&#8221;1\/6&#8243;][vc_wp_custommenu nav_menu=&#8221;67&#8243;][\/vc_column][vc_column width=&#8221;1\/6&#8243;][vc_wp_custommenu nav_menu=&#8221;68&#8243;][\/vc_column][vc_column width=&#8221;1\/4&#8243;][vc_wp_custommenu nav_menu=&#8221;69&#8243;][\/vc_column][vc_column width=&#8221;1\/6&#8243;][vc_wp_custommenu nav_menu=&#8221;70&#8243; el_class=&#8221;industry-menu&#8221;][\/vc_column][\/vc_row]<\/p>\n","protected":false},"excerpt":{"rendered":"<p>[vc_row full_width=&#8221;stretch_row&#8221; full_height=&#8221;yes&#8221; awb_type=&#8221;yt_vm_video&#8221; awb_stretch=&#8221;1&#8243; awb_video=&#8221;https:\/\/vimeo.com\/547521286?background=1&amp;muted=1&#8243; awb_video_mobile=&#8221;1&#8243; awb_video_always_play=&#8221;1&#8243; bg_type=&#8221;image&#8221; parallax_style=&#8221;vcpb-vz-jquery&#8221;<\/p>\n","protected":false},"author":1,"featured_media":0,"parent":0,"menu_order":0,"comment_status":"closed","ping_status":"closed","template":"full-width-page.php","meta":{"_en_post_content":"[vc_row full_width=\"stretch_row\" full_height=\"yes\" awb_type=\"yt_vm_video\" awb_stretch=\"1\" awb_video=\"https:\/\/vimeo.com\/547521286?background=1&amp;muted=1\" awb_video_mobile=\"1\" awb_video_always_play=\"1\" bg_type=\"image\" parallax_style=\"vcpb-vz-jquery\" bg_image_repeat=\"no-repeat\" bg_image_size=\"initial\" parallax_sense=\"2\" parallax_content=\"parallax_content_value\" fadeout_row=\"fadeout_row_value\" fadeout_start_effect=\"70\" css=\".vc_custom_1620657878859{padding-right: 15px !important;padding-left: 15px !important;}\" el_class=\"vimeo\"][vc_column el_class=\"slanted-div inner-banner-text\"][ultimate_spacer height=\"5\" height_on_tabs_portrait=\"30\" height_on_mob_landscape=\"20\" height_on_mob=\"30\"][ultimate_heading main_heading=\"Welcome to Symbionix Recruiting\" main_heading_color=\"#ec7c32\" sub_heading_color=\"#ffffff\" sub_heading_line_height=\"desktop:30px;\" sub_heading_font_size=\"desktop:20px;\" main_heading_margin=\"margin-bottom:15px;\"][\/ultimate_heading][ultimate_spacer height=\"20\" height_on_mob_landscape=\"10\" height_on_mob=\"10\"][ult_buttons btn_title=\" Quote Request\" btn_link=\"url:mailto%3Ainfo%40wirz-partners.ch%3Fsubject%3DExecutive%20Search%20Request%26body%3DPlease%20contact%20us%2C%20we%20would%20like%20to%20discuss%20an%20executive%20search%20request%20with%20you.%20We%20recruit%20for%20the%20following%20position%3A|title:More%20info||\" btn_align=\"ubtn-center\" btn_size=\"ubtn-custom\" btn_width=\"145\" btn_height=\"40\" btn_title_color=\"#ffffff\" btn_bg_color=\"#ec7c32\" icon_size=\"32\" btn_icon_pos=\"ubtn-sep-icon-at-left\" btn_border_style=\"solid\" btn_border_size=\"0\" btn_radius=\"3\" btn_font_family=\"font_family:Rubik|font_call:Rubik|variant:500\" btn_font_style=\"font-weight:500;\" btn_font_size=\"desktop:14px;\" css_adv_btn=\".vc_custom_1628139445634{margin-bottom: 20px !important;}\" el_class=\"btn-quote\"][vc_single_image image=\"4846\" img_size=\"large\" alignment=\"center\"][\/vc_column][vc_column][\/vc_column][\/vc_row][vc_row el_id=\"features\"][vc_column][ultimate_spacer height=\"20\"][ultimate_heading source=\"post_title\" heading_tag=\"h1\" main_heading_color=\"#ec7c32\" sub_heading_color=\"#ffffff\" sub_heading_line_height=\"desktop:30px;\" sub_heading_font_size=\"desktop:20px;\" sub_heading_margin=\"margin-bottom:30px;\"][\/ultimate_heading][ultimate_spacer height=\"20\"][vc_row_inner][vc_column_inner][vc_column_text css_animation=\"none\" css=\".vc_custom_1630515266129{margin-bottom: 0px !important;}\"]Symbionix Recruiting positions itself as the innovation leader in the market of Swiss recruiters for professionals looking for a new job (average annual salary over CHF 100'000).\r\n\r\nSymbionix Recruiting is a recruitment company for qualified professionals in the technology and life sciences industries.\r\nWe combine the industry knowledge of our experts with a \"state of the art\" digitalization in the selection and match process. This minimizes the effort for the candidate in the application process.\r\n\r\nCandidates benefit from our customer and market knowledge, which manifests itself in long-term optimal career development.\r\n\r\nSymbionix Recruiting focuses on the candidate and his job search.[\/vc_column_text][\/vc_column_inner][\/vc_row_inner][\/vc_column][\/vc_row][vc_row bg_type=\"bg_color\" bg_color_value=\"#f9f9f9\"][vc_column][ultimate_spacer height=\"30\"][ultimate_heading main_heading=\"News\"][\/ultimate_heading][ultimate_spacer height=\"30\"][vc_row_inner][vc_column_inner][vc_basic_grid post_type=\"post\" max_items=\"2\" element_width=\"6\" gap=\"35\" grid_id=\"vc_gid:1630515054516-c93760d6-292a-7\"][\/vc_column_inner][\/vc_row_inner][\/vc_column][\/vc_row][vc_row][vc_column][vc_column_text]\r\n\r\n[\/vc_column_text][\/vc_column][\/vc_row][vc_row][vc_column][vc_separator color=\"custom\" accent_color=\"#ec7c32\"][\/vc_column][\/vc_row][vc_row][vc_column width=\"1\/6\"][vc_wp_custommenu nav_menu=\"66\"][\/vc_column][vc_column width=\"1\/6\"][vc_wp_custommenu nav_menu=\"67\"][\/vc_column][vc_column width=\"1\/6\"][vc_wp_custommenu nav_menu=\"68\"][\/vc_column][vc_column width=\"1\/4\"][vc_wp_custommenu nav_menu=\"69\"][\/vc_column][vc_column width=\"1\/6\"][vc_wp_custommenu nav_menu=\"70\" el_class=\"industry-menu\"][\/vc_column][\/vc_row]","_en_post_name":"recruitment","_en_post_excerpt":"","_en_post_title":"Recruitment","_ch_post_content":"[vc_row full_width=\"stretch_row\" full_height=\"yes\" awb_type=\"yt_vm_video\" awb_stretch=\"1\" awb_video=\"https:\/\/vimeo.com\/547521286?background=1&amp;muted=1\" awb_video_mobile=\"1\" awb_video_always_play=\"1\" bg_type=\"image\" parallax_style=\"vcpb-vz-jquery\" bg_image_repeat=\"no-repeat\" bg_image_size=\"initial\" parallax_sense=\"2\" parallax_content=\"parallax_content_value\" fadeout_row=\"fadeout_row_value\" fadeout_start_effect=\"70\" css=\".vc_custom_1620657878859{padding-right: 15px !important;padding-left: 15px !important;}\" el_class=\"vimeo\"][vc_column el_class=\"slanted-div inner-banner-text\"][ultimate_spacer height=\"5\" height_on_tabs_portrait=\"30\" height_on_mob_landscape=\"20\" height_on_mob=\"30\"][ultimate_heading main_heading=\"Willkommen bei Symbionix Recruiting\" main_heading_color=\"#ec7c32\" sub_heading_color=\"#ffffff\" sub_heading_line_height=\"desktop:30px;\" sub_heading_font_size=\"desktop:20px;\" main_heading_margin=\"margin-bottom:15px;\"][\/ultimate_heading][ultimate_spacer height=\"20\" height_on_mob_landscape=\"10\" height_on_mob=\"10\"][ult_buttons btn_title=\" Quote Request\" btn_link=\"url:mailto%3Ainfo%40wirz-partners.ch%3Fsubject%3DExecutive%20Search%20Request%26body%3DPlease%20contact%20us%2C%20we%20would%20like%20to%20discuss%20an%20executive%20search%20request%20with%20you.%20We%20recruit%20for%20the%20following%20position%3A|title:More%20info||\" btn_align=\"ubtn-center\" btn_size=\"ubtn-custom\" btn_width=\"145\" btn_height=\"40\" btn_title_color=\"#ffffff\" btn_bg_color=\"#ec7c32\" icon_size=\"32\" btn_icon_pos=\"ubtn-sep-icon-at-left\" btn_border_style=\"solid\" btn_border_size=\"0\" btn_radius=\"3\" btn_font_family=\"font_family:Rubik|font_call:Rubik|variant:500\" btn_font_style=\"font-weight:500;\" btn_font_size=\"desktop:14px;\" css_adv_btn=\".vc_custom_1628139596840{margin-bottom: 20px !important;}\" el_class=\"btn-quote\"][vc_single_image image=\"4846\" img_size=\"large\" alignment=\"center\"][\/vc_column][vc_column][\/vc_column][\/vc_row][vc_row el_id=\"features\"][vc_column][ultimate_spacer height=\"20\"][ultimate_heading source=\"post_title\" heading_tag=\"h1\" main_heading_color=\"#ec7c32\" sub_heading_color=\"#ffffff\" sub_heading_line_height=\"desktop:30px;\" sub_heading_font_size=\"desktop:20px;\" sub_heading_margin=\"margin-bottom:30px;\"][\/ultimate_heading][ultimate_spacer height=\"20\"][vc_row_inner][vc_column_inner][vc_column_text css_animation=\"none\" css=\".vc_custom_1630513975190{margin-bottom: 0px !important;}\"]<strong>Symbionix Recruiting<\/strong> positioniert sich als \"managed recruiting tech\" Player im Markt der Schweizer Personalvermittler f\u00fcr Fachexperten auf Jobsuche (durchschnittliches Jahressal\u00e4r \u00fcber CHF 100'000).\r\n\r\nSymbionix Recruiting ist als <strong>Personalvermittlungs<\/strong>-Unternehmen f\u00fcr <strong>qualifizierte Fachkr\u00e4fte<\/strong> ausgerichtet auf die Branchen <strong>Technologie<\/strong> und <strong>Life Sciences.<\/strong>\r\n\r\nWir kombinieren das Branchenwissen unserer Fachexperten mit einer \"state of the art\" Digitalisierung im Selektions- und Match-Prozess.\r\n\r\nDies minimiert den Aufwand f\u00fcr Sie als Kandidaten maximal in Ihrem Bewerbungsprozess.\r\n\r\nSie als <strong>Kandidat<\/strong> profitieren von unserem Kunden- und Marktwissen, welches sich in Ihrer langfristig optimalen Karriere-Entwicklung manifestiert.\r\n\r\nIm Fokus, bei Symbionix Recruiting, stehen Sie als <strong>Kandidat<\/strong>, respektive Ihre Jobsuche.[\/vc_column_text][\/vc_column_inner][\/vc_row_inner][\/vc_column][\/vc_row][vc_row bg_type=\"bg_color\" bg_color_value=\"#f9f9f9\"][vc_column][ultimate_spacer height=\"30\"][ultimate_heading main_heading=\"News\"][\/ultimate_heading][ultimate_spacer height=\"30\"][vc_row_inner][vc_column_inner][vc_basic_grid post_type=\"post\" max_items=\"2\" element_width=\"6\" gap=\"35\" grid_id=\"vc_gid:1630513846536-b71a2c52-a5b6-7\"][\/vc_column_inner][\/vc_row_inner][\/vc_column][\/vc_row][vc_row][vc_column][vc_column_text]\r\n\r\n[\/vc_column_text][\/vc_column][\/vc_row][vc_row][vc_column][vc_separator color=\"custom\" accent_color=\"#ec7c32\"][\/vc_column][\/vc_row][vc_row][vc_column width=\"1\/6\"][vc_wp_custommenu nav_menu=\"66\"][\/vc_column][vc_column width=\"1\/6\"][vc_wp_custommenu nav_menu=\"67\"][\/vc_column][vc_column width=\"1\/6\"][vc_wp_custommenu nav_menu=\"68\"][\/vc_column][vc_column width=\"1\/4\"][vc_wp_custommenu nav_menu=\"69\"][\/vc_column][vc_column width=\"1\/6\"][vc_wp_custommenu nav_menu=\"70\" el_class=\"industry-menu\"][\/vc_column][\/vc_row]","_ch_post_name":"personalvermittlung","_ch_post_excerpt":"","_ch_post_title":"Personalvermittlung","edit_language":"en"},"acf":[],"_links":{"self":[{"href":"https:\/\/w-gruppe.com\/en\/wp-json\/wp\/v2\/pages\/4582"}],"collection":[{"href":"https:\/\/w-gruppe.com\/en\/wp-json\/wp\/v2\/pages"}],"about":[{"href":"https:\/\/w-gruppe.com\/en\/wp-json\/wp\/v2\/types\/page"}],"author":[{"embeddable":true,"href":"https:\/\/w-gruppe.com\/en\/wp-json\/wp\/v2\/users\/1"}],"replies":[{"embeddable":true,"href":"https:\/\/w-gruppe.com\/en\/wp-json\/wp\/v2\/comments?post=4582"}],"version-history":[{"count":60,"href":"https:\/\/w-gruppe.com\/en\/wp-json\/wp\/v2\/pages\/4582\/revisions"}],"predecessor-version":[{"id":5061,"href":"https:\/\/w-gruppe.com\/en\/wp-json\/wp\/v2\/pages\/4582\/revisions\/5061"}],"wp:attachment":[{"href":"https:\/\/w-gruppe.com\/en\/wp-json\/wp\/v2\/media?parent=4582"}],"curies":[{"name":"wp","href":"https:\/\/api.w.org\/{rel}","templated":true}]}}